{"id":368,"date":"2022-02-17T11:46:46","date_gmt":"2022-02-17T11:46:46","guid":{"rendered":"https:\/\/lpdesigns.pt\/celmar\/about-us\/"},"modified":"2023-10-28T14:09:03","modified_gmt":"2023-10-28T14:09:03","slug":"casa-celmar-2","status":"publish","type":"page","link":"https:\/\/casacelmar.com\/en\/casa-celmar-2\/","title":{"rendered":"About us"},"content":{"rendered":"<div class=\"wp-block-uagb-container uagb-block-b0c210fa alignfull uagb-is-root-container\"><div class=\"uagb-container-inner-blocks-wrap\">\n<div style=\"height:100px\" aria-hidden=\"true\" class=\"wp-block-spacer\"><\/div>\n\n\n\n<div class=\"wp-block-uagb-info-box uagb-block-33c38f7e uagb-infobox__content-wrap  uagb-infobox-icon-above-title uagb-infobox-image-valign-top\"><div class=\"uagb-ifb-content\"><div class=\"uagb-ifb-title-wrap\"><h1 class=\"uagb-ifb-title\">About us<\/h1><\/div><p class=\"uagb-ifb-desc\">We are passionate about the sea and the freshness of our seafood and fish dishes. Discover our history and incomparable flavor<\/p><\/div><\/div>\n\n\n\n<div style=\"height:100px\" aria-hidden=\"true\" class=\"wp-block-spacer\"><\/div>\n<\/div><\/div>\n\n\n\n<div class=\"wp-block-uagb-container uagb-block-ac44bed4 alignfull uagb-is-root-container\"><div class=\"uagb-container-inner-blocks-wrap\">\n<div class=\"wp-block-uagb-container uagb-block-c91b8643\">\n<div class=\"wp-block-uagb-advanced-heading uagb-block-f79bfb0f\"><h2 class=\"uagb-heading-text\">Our story\u200b<\/h2><\/div>\n<\/div>\n\n\n\n<div class=\"wp-block-uagb-container uagb-block-463b62fe\">\n<p>More than four decades ago, in 1982, our passion for the sea and cooking was born. In the heart of the picturesque Aldeia do Meco, we built a gastronomic haven that celebrated the freshness of Atlantic fish and seafood. Over the years, we have conquered our customers' palates with honest and comforting cuisine, becoming a reference point for seafood lovers.<\/p>\n\n\n\n<p>In 2022, we evolved, expanding our commitment to exceptional flavor through our catering service, which now takes our dynamic and personalized dishes beyond national borders. Join us on this journey of flavors that transcends time and distance.<\/p>\n<\/div>\n\n\n\n<div class=\"wp-block-uagb-container uagb-block-dba73dc1\"><\/div>\n\n\n\n<div class=\"wp-block-uagb-container uagb-block-a9a45a05\">\n<div class=\"wp-block-uagb-image uagb-block-e7c52bfb wp-block-uagb-image--layout-default wp-block-uagb-image--effect-static wp-block-uagb-image--align-none\"><figure class=\"wp-block-uagb-image__figure\"><img decoding=\"async\" srcset=\"https:\/\/casacelmar.com\/wp-content\/uploads\/2023\/09\/msg-4019671718-199-768x1024.jpg ,https:\/\/casacelmar.com\/wp-content\/uploads\/2023\/09\/msg-4019671718-199.jpg 780w, https:\/\/casacelmar.com\/wp-content\/uploads\/2023\/09\/msg-4019671718-199-768x1024.jpg 360w\" sizes=\"auto, (max-width: 480px) 150px\" src=\"https:\/\/casacelmar.com\/wp-content\/uploads\/2023\/09\/msg-4019671718-199-768x1024.jpg\" alt=\"\" class=\"uag-image-1715\" width=\"768\" height=\"1024\" title=\"\" loading=\"lazy\"\/><\/figure><\/div>\n<\/div>\n<\/div><\/div>\n\n\n\n<div style=\"height:100px\" aria-hidden=\"true\" class=\"wp-block-spacer\"><\/div>\n\n\n\n<div style=\"height:30px\" aria-hidden=\"true\" class=\"wp-block-spacer\"><\/div>\n\n\n\n<div class=\"wp-block-uagb-container uagb-block-43fbd32e alignfull uagb-is-root-container\"><div class=\"uagb-container-inner-blocks-wrap\">\n<iframe loading=\"lazy\" width=\"1200\" height=\"675\" src=\"https:\/\/www.youtube.com\/embed\/Vy3x4wINFlw?si=TklMeeE0oGsM8c-c\" title=\"YouTube video player\" frameborder=\"1\" allow=\"accelerometer; autoplay; clipboard-write; encrypted-media; gyroscope; picture-in-picture; web-share\" allowfullscreen><\/iframe>\n<\/div><\/div>\n\n\n\n<div style=\"height:30px\" aria-hidden=\"true\" class=\"wp-block-spacer\"><\/div>\n\n\n\n<div class=\"wp-block-uagb-container uagb-block-eccff2fc alignfull uagb-is-root-container\"><div class=\"uagb-container-inner-blocks-wrap\">\n<div class=\"wp-block-uagb-container uagb-block-337ad491\">\n<div class=\"wp-block-uagb-advanced-heading uagb-block-070237ce\"><h2 class=\"uagb-heading-text\">MEET OUR TEAM<\/h2><\/div>\n<\/div>\n\n\n\n<div class=\"wp-block-uagb-container uagb-block-450cee18\">\n<p>Our team is like a family of sea enthusiasts. With the energy of youth, we combine creativity and tradition to create unique gastronomic experiences. Each member brings their own special touch, making us a harmonious group that works together like the waves of the ocean.<\/p>\n<\/div>\n\n\n\n<div class=\"wp-block-uagb-container uagb-block-8bf1c5a2\">\n<div class=\"wp-block-uagb-team uagb-team__image-position-above uagb-team__align-center uagb-team__stack-tablet uagb-block-45e2ab6a\"><div class=\"uagb-team__content\"><img decoding=\"async\" class=\"uagb-team__image-crop-normal\" src=\"https:\/\/casacelmar.com\/wp-content\/uploads\/2023\/09\/MG_9218.jpg\" alt=\"\" height=\"500\" width=\"500\" loading=\"lazy\"\/><h3 class=\"uagb-team__title\">Celina<\/h3><span class=\"uagb-team__prefix\"><\/span><p class=\"uagb-team__desc\"><\/p><\/div><\/div>\n\n\n\n<div class=\"wp-block-uagb-team uagb-team__image-position-above uagb-team__align-center uagb-team__stack-tablet uagb-block-ed1fffe4\"><div class=\"uagb-team__content\"><img decoding=\"async\" class=\"uagb-team__image-crop-normal\" src=\"https:\/\/casacelmar.com\/wp-content\/uploads\/2023\/09\/Anastacya.jpg\" alt=\"\" height=\"500\" width=\"500\" loading=\"lazy\"\/><h3 class=\"uagb-team__title\">Anastacya<\/h3><span class=\"uagb-team__prefix\"><\/span><p class=\"uagb-team__desc\"><\/p><\/div><\/div>\n<\/div>\n\n\n\n<div class=\"wp-block-uagb-container uagb-block-98c88ae4\">\n<div class=\"wp-block-uagb-team uagb-team__image-position-above uagb-team__align-center uagb-team__stack-tablet uagb-block-d858380b\"><div class=\"uagb-team__content\"><img decoding=\"async\" class=\"uagb-team__image-crop-normal\" src=\"https:\/\/casacelmar.com\/wp-content\/uploads\/2023\/09\/MG_9259.jpg\" alt=\"\" height=\"500\" width=\"500\" loading=\"lazy\"\/><h3 class=\"uagb-team__title\">Nikita<\/h3><span class=\"uagb-team__prefix\"><\/span><p class=\"uagb-team__desc\"><\/p><\/div><\/div>\n\n\n\n<div class=\"wp-block-uagb-team uagb-team__image-position-above uagb-team__align-center uagb-team__stack-tablet uagb-block-df5a598b\"><div class=\"uagb-team__content\"><img decoding=\"async\" class=\"uagb-team__image-crop-normal\" src=\"https:\/\/casacelmar.com\/wp-content\/uploads\/2023\/09\/teresa.jpg\" alt=\"\" height=\"500\" width=\"500\" loading=\"lazy\"\/><h3 class=\"uagb-team__title\">Teresa<\/h3><span class=\"uagb-team__prefix\"><\/span><p class=\"uagb-team__desc\"><\/p><\/div><\/div>\n<\/div>\n\n\n\n<div class=\"wp-block-uagb-container uagb-block-f323c3cb\">\n<div class=\"wp-block-uagb-team uagb-team__image-position-above uagb-team__align-center uagb-team__stack-tablet uagb-block-c81bcbe3\"><div class=\"uagb-team__content\"><img decoding=\"async\" class=\"uagb-team__image-crop-normal\" src=\"https:\/\/casacelmar.com\/wp-content\/uploads\/2023\/09\/goncalo.jpg\" alt=\"\" height=\"500\" width=\"500\" loading=\"lazy\"\/><h3 class=\"uagb-team__title\">Gon\u00e7alo<\/h3><span class=\"uagb-team__prefix\"><\/span><p class=\"uagb-team__desc\"><\/p><\/div><\/div>\n\n\n\n<div class=\"wp-block-uagb-team uagb-team__image-position-above uagb-team__align-center uagb-team__stack-tablet uagb-block-9e68462f\"><div class=\"uagb-team__content\"><img decoding=\"async\" class=\"uagb-team__image-crop-normal\" src=\"https:\/\/casacelmar.com\/wp-content\/uploads\/2023\/10\/WhatsApp-Image-2023-10-18-at-14.59.47.jpeg\" alt=\"\" height=\"500\" width=\"500\" loading=\"lazy\"\/><h3 class=\"uagb-team__title\">M\u00e1rcia<\/h3><span class=\"uagb-team__prefix\"><\/span><p class=\"uagb-team__desc\"><\/p><\/div><\/div>\n<\/div>\n<\/div><\/div>","protected":false},"excerpt":{"rendered":"<p>A nossa hist\u00f3ria\u200b H\u00e1 mais de quatro d\u00e9cadas, em 1982, nasceu a nossa paix\u00e3o pelo mar e pela culin\u00e1ria. No cora\u00e7\u00e3o da pitoresca Aldeia do Meco, constru\u00edmos um ref\u00fagio gastron\u00f3mico que celebrava a frescura do peixe e do marisco do Atl\u00e2ntico. Ao longo dos anos, conquist\u00e1mos o paladar dos nossos clientes com uma cozinha honesta [&hellip;]<\/p>","protected":false},"author":1,"featured_media":0,"parent":0,"menu_order":0,"comment_status":"closed","ping_status":"closed","template":"","meta":{"_uag_custom_page_level_css":"","site-sidebar-layout":"no-sidebar","site-content-layout":"plain-container","ast-site-content-layout":"normal-width-container","site-content-style":"unboxed","site-sidebar-style":"unboxed","ast-global-header-display":"","ast-banner-title-visibility":"","ast-main-header-display":"","ast-hfb-above-header-display":"","ast-hfb-below-header-display":"","ast-hfb-mobile-header-display":"","site-post-title":"disabled","ast-breadcrumbs-content":"","ast-featured-img":"disabled","footer-sml-layout":"","theme-transparent-header-meta":"enabled","adv-header-id-meta":"","stick-header-meta":"","header-above-stick-meta":"","header-main-stick-meta":"","header-below-stick-meta":"","astra-migrate-meta-layouts":"set","ast-page-background-enabled":"default","ast-page-background-meta":{"desktop":{"background-color":"","background-image":"","background-repeat":"repeat","background-position":"center center","background-size":"auto","background-attachment":"scroll","background-type":"","background-media":"","overlay-type":"","overlay-color":"","overlay-opacity":"","overlay-gradient":""},"tablet":{"background-color":"","background-image":"","background-repeat":"repeat","background-position":"center center","background-size":"auto","background-attachment":"scroll","background-type":"","background-media":"","overlay-type":"","overlay-color":"","overlay-opacity":"","overlay-gradient":""},"mobile":{"background-color":"","background-image":"","background-repeat":"repeat","background-position":"center center","background-size":"auto","background-attachment":"scroll","background-type":"","background-media":"","overlay-type":"","overlay-color":"","overlay-opacity":"","overlay-gradient":""}},"ast-content-background-meta":{"desktop":{"background-color":"var(--ast-global-color-5)","background-image":"","background-repeat":"repeat","background-position":"center center","background-size":"auto","background-attachment":"scroll","background-type":"","background-media":"","overlay-type":"","overlay-color":"","overlay-opacity":"","overlay-gradient":""},"tablet":{"background-color":"var(--ast-global-color-5)","background-image":"","background-repeat":"repeat","background-position":"center center","background-size":"auto","background-attachment":"scroll","background-type":"","background-media":"","overlay-type":"","overlay-color":"","overlay-opacity":"","overlay-gradient":""},"mobile":{"background-color":"var(--ast-global-color-5)","background-image":"","background-repeat":"repeat","background-position":"center center","background-size":"auto","background-attachment":"scroll","background-type":"","background-media":"","overlay-type":"","overlay-color":"","overlay-opacity":"","overlay-gradient":""}},"footnotes":""},"class_list":["post-368","page","type-page","status-publish","hentry"],"yoast_head":"<!-- This site is optimized with the Yoast SEO plugin v25.2 - https:\/\/yoast.com\/wordpress\/plugins\/seo\/ -->\n<title>Sobre N\u00f3s - Casa Celmar<\/title>\n<meta name=\"description\" content=\"H\u00e1 mais de quatro d\u00e9cadas, em 1982, nasceu a nossa paix\u00e3o pelo mar e pela culin\u00e1ria. No cora\u00e7\u00e3o da pitoresca Aldeia do Meco.\" \/>\n<meta name=\"robots\" content=\"index, follow, max-snippet:-1, max-image-preview:large, max-video-preview:-1\" \/>\n<link rel=\"canonical\" href=\"https:\/\/casacelmar.com\/en\/casa-celmar-2\/\" \/>\n<meta property=\"og:locale\" content=\"en_GB\" \/>\n<meta property=\"og:type\" content=\"article\" \/>\n<meta property=\"og:title\" content=\"Sobre N\u00f3s - Casa Celmar\" \/>\n<meta property=\"og:description\" content=\"H\u00e1 mais de quatro d\u00e9cadas, em 1982, nasceu a nossa paix\u00e3o pelo mar e pela culin\u00e1ria. No cora\u00e7\u00e3o da pitoresca Aldeia do Meco.\" \/>\n<meta property=\"og:url\" content=\"https:\/\/casacelmar.com\/en\/casa-celmar-2\/\" \/>\n<meta property=\"og:site_name\" content=\"Celmar\" \/>\n<meta property=\"article:modified_time\" content=\"2023-10-28T14:09:03+00:00\" \/>\n<meta property=\"og:image\" content=\"https:\/\/casacelmar.com\/wp-content\/uploads\/2023\/09\/msg-4019671718-199-768x1024.jpg\" \/>\n<meta name=\"twitter:card\" content=\"summary_large_image\" \/>\n<meta name=\"twitter:label1\" content=\"Estimated reading time\" \/>\n\t<meta name=\"twitter:data1\" content=\"3 minutes\" \/>\n<script type=\"application\/ld+json\" class=\"yoast-schema-graph\">{\"@context\":\"https:\/\/schema.org\",\"@graph\":[{\"@type\":\"WebPage\",\"@id\":\"https:\/\/casacelmar.com\/casa-celmar-2\/\",\"url\":\"https:\/\/casacelmar.com\/casa-celmar-2\/\",\"name\":\"Sobre N\u00f3s - Casa Celmar\",\"isPartOf\":{\"@id\":\"https:\/\/casacelmar.com\/#website\"},\"primaryImageOfPage\":{\"@id\":\"https:\/\/casacelmar.com\/casa-celmar-2\/#primaryimage\"},\"image\":{\"@id\":\"https:\/\/casacelmar.com\/casa-celmar-2\/#primaryimage\"},\"thumbnailUrl\":\"https:\/\/casacelmar.com\/wp-content\/uploads\/2023\/09\/msg-4019671718-199-768x1024.jpg\",\"datePublished\":\"2022-02-17T11:46:46+00:00\",\"dateModified\":\"2023-10-28T14:09:03+00:00\",\"description\":\"H\u00e1 mais de quatro d\u00e9cadas, em 1982, nasceu a nossa paix\u00e3o pelo mar e pela culin\u00e1ria. No cora\u00e7\u00e3o da pitoresca Aldeia do Meco.\",\"breadcrumb\":{\"@id\":\"https:\/\/casacelmar.com\/casa-celmar-2\/#breadcrumb\"},\"inLanguage\":\"en-GB\",\"potentialAction\":[{\"@type\":\"ReadAction\",\"target\":[\"https:\/\/casacelmar.com\/casa-celmar-2\/\"]}]},{\"@type\":\"ImageObject\",\"inLanguage\":\"en-GB\",\"@id\":\"https:\/\/casacelmar.com\/casa-celmar-2\/#primaryimage\",\"url\":\"https:\/\/casacelmar.com\/wp-content\/uploads\/2023\/09\/msg-4019671718-199-768x1024.jpg\",\"contentUrl\":\"https:\/\/casacelmar.com\/wp-content\/uploads\/2023\/09\/msg-4019671718-199-768x1024.jpg\"},{\"@type\":\"BreadcrumbList\",\"@id\":\"https:\/\/casacelmar.com\/casa-celmar-2\/#breadcrumb\",\"itemListElement\":[{\"@type\":\"ListItem\",\"position\":1,\"name\":\"In\u00edcio\",\"item\":\"https:\/\/casacelmar.com\/\"},{\"@type\":\"ListItem\",\"position\":2,\"name\":\"Sobre N\u00f3s\"}]},{\"@type\":\"WebSite\",\"@id\":\"https:\/\/casacelmar.com\/#website\",\"url\":\"https:\/\/casacelmar.com\/\",\"name\":\"Celmar\",\"description\":\"Desde 1982\",\"publisher\":{\"@id\":\"https:\/\/casacelmar.com\/#organization\"},\"potentialAction\":[{\"@type\":\"SearchAction\",\"target\":{\"@type\":\"EntryPoint\",\"urlTemplate\":\"https:\/\/casacelmar.com\/?s={search_term_string}\"},\"query-input\":{\"@type\":\"PropertyValueSpecification\",\"valueRequired\":true,\"valueName\":\"search_term_string\"}}],\"inLanguage\":\"en-GB\"},{\"@type\":\"Organization\",\"@id\":\"https:\/\/casacelmar.com\/#organization\",\"name\":\"Celmar\",\"url\":\"https:\/\/casacelmar.com\/\",\"logo\":{\"@type\":\"ImageObject\",\"inLanguage\":\"en-GB\",\"@id\":\"https:\/\/casacelmar.com\/#\/schema\/logo\/image\/\",\"url\":\"https:\/\/casacelmar.com\/wp-content\/uploads\/2023\/09\/sem-fundo-logo-1.png\",\"contentUrl\":\"https:\/\/casacelmar.com\/wp-content\/uploads\/2023\/09\/sem-fundo-logo-1.png\",\"width\":2304,\"height\":932,\"caption\":\"Celmar\"},\"image\":{\"@id\":\"https:\/\/casacelmar.com\/#\/schema\/logo\/image\/\"}}]}<\/script>\n<!-- \/ Yoast SEO plugin. -->","yoast_head_json":{"title":"Sobre N\u00f3s - Casa Celmar","description":"H\u00e1 mais de quatro d\u00e9cadas, em 1982, nasceu a nossa paix\u00e3o pelo mar e pela culin\u00e1ria. No cora\u00e7\u00e3o da pitoresca Aldeia do Meco.","robots":{"index":"index","follow":"follow","max-snippet":"max-snippet:-1","max-image-preview":"max-image-preview:large","max-video-preview":"max-video-preview:-1"},"canonical":"https:\/\/casacelmar.com\/en\/casa-celmar-2\/","og_locale":"en_GB","og_type":"article","og_title":"Sobre N\u00f3s - Casa Celmar","og_description":"H\u00e1 mais de quatro d\u00e9cadas, em 1982, nasceu a nossa paix\u00e3o pelo mar e pela culin\u00e1ria. No cora\u00e7\u00e3o da pitoresca Aldeia do Meco.","og_url":"https:\/\/casacelmar.com\/en\/casa-celmar-2\/","og_site_name":"Celmar","article_modified_time":"2023-10-28T14:09:03+00:00","og_image":[{"url":"https:\/\/casacelmar.com\/wp-content\/uploads\/2023\/09\/msg-4019671718-199-768x1024.jpg","type":"","width":"","height":""}],"twitter_card":"summary_large_image","twitter_misc":{"Estimated reading time":"3 minutes"},"schema":{"@context":"https:\/\/schema.org","@graph":[{"@type":"WebPage","@id":"https:\/\/casacelmar.com\/casa-celmar-2\/","url":"https:\/\/casacelmar.com\/casa-celmar-2\/","name":"Sobre N\u00f3s - Casa Celmar","isPartOf":{"@id":"https:\/\/casacelmar.com\/#website"},"primaryImageOfPage":{"@id":"https:\/\/casacelmar.com\/casa-celmar-2\/#primaryimage"},"image":{"@id":"https:\/\/casacelmar.com\/casa-celmar-2\/#primaryimage"},"thumbnailUrl":"https:\/\/casacelmar.com\/wp-content\/uploads\/2023\/09\/msg-4019671718-199-768x1024.jpg","datePublished":"2022-02-17T11:46:46+00:00","dateModified":"2023-10-28T14:09:03+00:00","description":"H\u00e1 mais de quatro d\u00e9cadas, em 1982, nasceu a nossa paix\u00e3o pelo mar e pela culin\u00e1ria. No cora\u00e7\u00e3o da pitoresca Aldeia do Meco.","breadcrumb":{"@id":"https:\/\/casacelmar.com\/casa-celmar-2\/#breadcrumb"},"inLanguage":"en-GB","potentialAction":[{"@type":"ReadAction","target":["https:\/\/casacelmar.com\/casa-celmar-2\/"]}]},{"@type":"ImageObject","inLanguage":"en-GB","@id":"https:\/\/casacelmar.com\/casa-celmar-2\/#primaryimage","url":"https:\/\/casacelmar.com\/wp-content\/uploads\/2023\/09\/msg-4019671718-199-768x1024.jpg","contentUrl":"https:\/\/casacelmar.com\/wp-content\/uploads\/2023\/09\/msg-4019671718-199-768x1024.jpg"},{"@type":"BreadcrumbList","@id":"https:\/\/casacelmar.com\/casa-celmar-2\/#breadcrumb","itemListElement":[{"@type":"ListItem","position":1,"name":"In\u00edcio","item":"https:\/\/casacelmar.com\/"},{"@type":"ListItem","position":2,"name":"Sobre N\u00f3s"}]},{"@type":"WebSite","@id":"https:\/\/casacelmar.com\/#website","url":"https:\/\/casacelmar.com\/","name":"Celmar","description":"Desde 1982","publisher":{"@id":"https:\/\/casacelmar.com\/#organization"},"potentialAction":[{"@type":"SearchAction","target":{"@type":"EntryPoint","urlTemplate":"https:\/\/casacelmar.com\/?s={search_term_string}"},"query-input":{"@type":"PropertyValueSpecification","valueRequired":true,"valueName":"search_term_string"}}],"inLanguage":"en-GB"},{"@type":"Organization","@id":"https:\/\/casacelmar.com\/#organization","name":"Celmar","url":"https:\/\/casacelmar.com\/","logo":{"@type":"ImageObject","inLanguage":"en-GB","@id":"https:\/\/casacelmar.com\/#\/schema\/logo\/image\/","url":"https:\/\/casacelmar.com\/wp-content\/uploads\/2023\/09\/sem-fundo-logo-1.png","contentUrl":"https:\/\/casacelmar.com\/wp-content\/uploads\/2023\/09\/sem-fundo-logo-1.png","width":2304,"height":932,"caption":"Celmar"},"image":{"@id":"https:\/\/casacelmar.com\/#\/schema\/logo\/image\/"}}]}},"uagb_featured_image_src":{"full":false,"thumbnail":false,"medium":false,"medium_large":false,"large":false,"1536x1536":false,"2048x2048":false,"trp-custom-language-flag":false},"uagb_author_info":{"display_name":"lpdesigns","author_link":"https:\/\/casacelmar.com\/en\/author\/lpdesigns\/"},"uagb_comment_info":0,"uagb_excerpt":"A nossa hist\u00f3ria\u200b H\u00e1 mais de quatro d\u00e9cadas, em 1982, nasceu a nossa paix\u00e3o pelo mar e pela culin\u00e1ria. No cora\u00e7\u00e3o da pitoresca Aldeia do Meco, constru\u00edmos um ref\u00fagio gastron\u00f3mico que celebrava a frescura do peixe e do marisco do Atl\u00e2ntico. Ao longo dos anos, conquist\u00e1mos o paladar dos nossos clientes com uma cozinha honesta&hellip;","_links":{"self":[{"href":"https:\/\/casacelmar.com\/en\/wp-json\/wp\/v2\/pages\/368","targetHints":{"allow":["GET"]}}],"collection":[{"href":"https:\/\/casacelmar.com\/en\/wp-json\/wp\/v2\/pages"}],"about":[{"href":"https:\/\/casacelmar.com\/en\/wp-json\/wp\/v2\/types\/page"}],"author":[{"embeddable":true,"href":"https:\/\/casacelmar.com\/en\/wp-json\/wp\/v2\/users\/1"}],"replies":[{"embeddable":true,"href":"https:\/\/casacelmar.com\/en\/wp-json\/wp\/v2\/comments?post=368"}],"version-history":[{"count":40,"href":"https:\/\/casacelmar.com\/en\/wp-json\/wp\/v2\/pages\/368\/revisions"}],"predecessor-version":[{"id":2126,"href":"https:\/\/casacelmar.com\/en\/wp-json\/wp\/v2\/pages\/368\/revisions\/2126"}],"wp:attachment":[{"href":"https:\/\/casacelmar.com\/en\/wp-json\/wp\/v2\/media?parent=368"}],"curies":[{"name":"wp","href":"https:\/\/api.w.org\/{rel}","templated":true}]}}